{"id":170,"date":"2025-12-01T11:12:37","date_gmt":"2025-12-01T11:12:37","guid":{"rendered":"https:\/\/unimog-u52.de\/?page_id=170"},"modified":"2025-12-05T19:36:53","modified_gmt":"2025-12-05T19:36:53","slug":"baureihe","status":"publish","type":"page","link":"https:\/\/unimog-u52.de\/?page_id=170","title":{"rendered":"Baureihe"},"content":{"rendered":"\n<p class=\"has-large-font-size\"><strong>Unimog<\/strong> <strong>Leichte Baureihe <\/strong><\/p>\n\n\n\n<p>Als\u00a0<strong>leichte Baureihe<\/strong>\u00a0bezeichnet man jene Unimog`s, die besonders kompakt gebaut sind und f\u00fcr kommunale, landwirtschaftliche und leichte gewerbliche Eins\u00e4tze entwickelt wurden. Sie zeichnen sich durch ein geringeres Fahrzeuggewicht, kleine Abmessungen und Motorleistungen im unteren Bereich der Unimog-Palette aus.<\/p>\n\n\n\n<p>Zu dieser Baureihe z\u00e4hlen der Unimog&nbsp;<strong>411, 421<\/strong> mit&nbsp;<strong>431<\/strong>, sowie die Nachfolgemodelle&nbsp;<strong>407<\/strong>&nbsp;und&nbsp;<strong>408<\/strong>. Als moderner Ger\u00e4tetr\u00e4ger setzt der&nbsp;<strong>Unimog 405<\/strong>&nbsp;diese Baureihe indirekt fort.<\/p>\n\n\n\n<hr class=\"wp-block-separator has-alpha-channel-opacity\"\/>\n\n\n\n<ul class=\"wp-block-list\">\n<li><strong>Unimog 411<\/strong>&nbsp;\u2013 Bauzeit:&nbsp;<em>1956 bis 1974<\/em> <br>Das Kernmodell der leichten Baureihe.<\/li>\n\n\n\n<li><strong>Unimog 421<\/strong>&nbsp;\u2013 Bauzeit:&nbsp;<em>1966 bis 1989<\/em> <br>Das Nachfolgemodell der leichten Baureihe.<\/li>\n\n\n\n<li><strong>Unimog 431<\/strong>&nbsp;\u2013 Bauzeit:&nbsp;<em>1969 bis 1971<\/em><br>In Argentinien produziert und technisch weitgehend auf dem Unimog 421 basierend.<\/li>\n\n\n\n<li><strong>Unimog 407<\/strong>&nbsp;\u2013 Bauzeit:&nbsp;<em>1988 bis 1993<\/em><br>Direkter Nachfolger des Unimog 421.<\/li>\n\n\n\n<li><strong>Unimog 408<\/strong>&nbsp;\u2013 Bauzeit:&nbsp;<em>1992 bis 2001<\/em><br>Weiteres Modell der Nachfolgegeneration der leichten Baureihe.<\/li>\n\n\n\n<li><strong>Unimog 405<\/strong>&nbsp;\u2013 Bauzeit:&nbsp;<em>seit 2000<\/em><br>Ein moderner Ger\u00e4tetr\u00e4ger, der die leichte Baureihe indirekt fortf\u00fchrt.<\/li>\n<\/ul>\n\n\n\n<hr class=\"wp-block-separator has-alpha-channel-opacity\"\/>\n\n\n\n<p>Die\u00a0<strong>leichte Unimog-Baureihe<\/strong>\u00a0umfasst Fahrzeuge, die<\/p>\n\n\n\n<ul class=\"wp-block-list\">\n<li>ein&nbsp;<strong>kompaktes Fahrgestell<\/strong>&nbsp;mit deutlich geringeren Au\u00dfenabmessungen besitzen,<\/li>\n\n\n\n<li>ein&nbsp;<strong>vergleichsweise geringes Leergewicht<\/strong>&nbsp;aufweisen,<\/li>\n\n\n\n<li>f\u00fcr&nbsp;<strong>kommunale<\/strong>,&nbsp;<strong>landwirtschaftliche<\/strong>&nbsp;und&nbsp;<strong>leichte gewerbliche Eins\u00e4tze<\/strong>&nbsp;konzipiert wurden,<\/li>\n\n\n\n<li><strong>niedrigere Motorleistungen<\/strong>&nbsp;als die mittleren\/schweren Baureihen haben,<\/li>\n\n\n\n<li>und technisch auf dem Konzept des urspr\u00fcnglichen Unimog 411 weiterentwickelt wurden.<\/li>\n<\/ul>\n\n\n\n<p>Typische Merkmale dieser leichten Baureihe sind:<\/p>\n\n\n\n<ul class=\"wp-block-list\">\n<li>Radstand meist 1750\u20132650 mm<\/li>\n\n\n\n<li>Gesamtgewicht je nach Modell ca. 3,2\u20136 t<\/li>\n\n\n\n<li>kompakte Breite (oft unter 2 m)<\/li>\n\n\n\n<li>Portalachsen, Allradantrieb, Zapfwellen und Hydraulik wie bei allen Unimogs<\/li>\n<\/ul>\n\n\n\n<p><\/p>\n","protected":false},"excerpt":{"rendered":"<p>Unimog Leichte Baureihe Als\u00a0leichte Baureihe\u00a0bezeichnet man jene Unimog`s, die besonders kompakt gebaut sind und f\u00fcr kommunale, landwirtschaftliche und leichte gewerbliche Eins\u00e4tze entwickelt wurden. Sie zeichnen sich durch ein geringeres Fahrzeuggewicht, kleine Abmessungen und Motorleistungen im unteren Bereich der Unimog-Palette aus. Zu dieser Baureihe z\u00e4hlen der Unimog&nbsp;411, 421 mit&nbsp;431, sowie die Nachfolgemodelle&nbsp;407&nbsp;und&nbsp;408. Als moderner Ger\u00e4tetr\u00e4ger setzt [&hellip;]<\/p>\n","protected":false},"author":1,"featured_media":0,"parent":0,"menu_order":0,"comment_status":"closed","ping_status":"closed","template":"","meta":{"footnotes":""},"class_list":["post-170","page","type-page","status-publish","hentry"],"_links":{"self":[{"href":"https:\/\/unimog-u52.de\/index.php?rest_route=\/wp\/v2\/pages\/170","targetHints":{"allow":["GET"]}}],"collection":[{"href":"https:\/\/unimog-u52.de\/index.php?rest_route=\/wp\/v2\/pages"}],"about":[{"href":"https:\/\/unimog-u52.de\/index.php?rest_route=\/wp\/v2\/types\/page"}],"author":[{"embeddable":true,"href":"https:\/\/unimog-u52.de\/index.php?rest_route=\/wp\/v2\/users\/1"}],"replies":[{"embeddable":true,"href":"https:\/\/unimog-u52.de\/index.php?rest_route=%2Fwp%2Fv2%2Fcomments&post=170"}],"version-history":[{"count":7,"href":"https:\/\/unimog-u52.de\/index.php?rest_route=\/wp\/v2\/pages\/170\/revisions"}],"predecessor-version":[{"id":188,"href":"https:\/\/unimog-u52.de\/index.php?rest_route=\/wp\/v2\/pages\/170\/revisions\/188"}],"wp:attachment":[{"href":"https:\/\/unimog-u52.de\/index.php?rest_route=%2Fwp%2Fv2%2Fmedia&parent=170"}],"curies":[{"name":"wp","href":"https:\/\/api.w.org\/{rel}","templated":true}]}}