{"id":471,"date":"2026-02-26T17:04:25","date_gmt":"2026-02-26T17:04:25","guid":{"rendered":"https:\/\/unimog-u52.de\/?page_id=471"},"modified":"2026-02-26T19:32:24","modified_gmt":"2026-02-26T19:32:24","slug":"das-team","status":"publish","type":"page","link":"https:\/\/unimog-u52.de\/?page_id=471","title":{"rendered":"Team"},"content":{"rendered":"\n<p>Hinter der Restaurierung steht ein engagiertes Team, das im Folgenden einmal vorgestellt wird.<br><\/p>\n\n\n\n<p><strong>J\u00fcrgen<\/strong><\/p>\n\n\n\n<p><em>KFZ-Meister und Oldie Schrauber<\/em><\/p>\n\n\n\n<p><em><strong>J\u00fcrgen<\/strong><\/em>&nbsp;k\u00fcmmert sich um die Technik und die groben und dreckigen Arbeiten wie Schwei\u00dfen und \u00e4hnliches. Au\u00dferdem ist er der Ideengeber, wenn es einmal hakt oder eine kreative L\u00f6sung gefragt ist.<\/p>\n\n\n\n<p><br><\/p>\n\n\n\n<p><strong>Wolfgang (Wolli)<\/strong><\/p>\n\n\n\n<p><em>IT-ler und der Besitzer des Unimog<\/em><\/p>\n\n\n\n<p><strong><em>Wolli<\/em><\/strong>&nbsp;k\u00fcmmert sich um die Elektrik sowie das Lackieren der fertig vorbereiteten Teile. Dar\u00fcber hinaus unterst\u00fctzt er \u2013 augenzwinkernd als \u201eLehrling\u201c bezeichnet \u2013 tatkr\u00e4ftig bei den technischen Arbeiten. Au\u00dferdem ist er f\u00fcr die Webseite und den Blog zust\u00e4ndig. Auch um die Ersatzteilbeschaffung bei diversen Online H\u00e4ndler k\u00fcmmert er sich.<\/p>\n\n\n\n<p><br><\/p>\n\n\n\n<p><strong>Monika<\/strong><\/p>\n\n\n\n<p><em>Nicht ganz unbeteiligt an dem ganzen Vorhaben<\/em><\/p>\n\n\n\n<p><strong><em>Monika<\/em><\/strong>\u00a0hat einem 45 j\u00e4hrigen seinen langersehnten Traum Wirklichkeit werden lassen und unterst\u00fctzt das Projekt. Vielen Dank!<\/p>\n\n\n\n<p><br><\/p>\n\n\n\n<p><strong>Die<\/strong> <strong>Familie<\/strong><\/p>\n\n\n\n<p>Auch die Familie tr\u00e4gt einen wichtigen Teil zum Projekt bei: Sie stellt die Zeit, die alle Beteiligten in die Restaurierung investieren, nicht infrage und legt in der einen oder anderen Situation sogar selbst mit Hand an.<\/p>\n","protected":false},"excerpt":{"rendered":"<p>Hinter der Restaurierung steht ein engagiertes Team, das im Folgenden einmal vorgestellt wird. J\u00fcrgen KFZ-Meister und Oldie Schrauber J\u00fcrgen&nbsp;k\u00fcmmert sich um die Technik und die groben und dreckigen Arbeiten wie Schwei\u00dfen und \u00e4hnliches. Au\u00dferdem ist er der Ideengeber, wenn es einmal hakt oder eine kreative L\u00f6sung gefragt ist. Wolfgang (Wolli) IT-ler und der Besitzer des [&hellip;]<\/p>\n","protected":false},"author":1,"featured_media":0,"parent":0,"menu_order":0,"comment_status":"closed","ping_status":"closed","template":"","meta":{"footnotes":""},"class_list":["post-471","page","type-page","status-publish","hentry"],"_links":{"self":[{"href":"https:\/\/unimog-u52.de\/index.php?rest_route=\/wp\/v2\/pages\/471","targetHints":{"allow":["GET"]}}],"collection":[{"href":"https:\/\/unimog-u52.de\/index.php?rest_route=\/wp\/v2\/pages"}],"about":[{"href":"https:\/\/unimog-u52.de\/index.php?rest_route=\/wp\/v2\/types\/page"}],"author":[{"embeddable":true,"href":"https:\/\/unimog-u52.de\/index.php?rest_route=\/wp\/v2\/users\/1"}],"replies":[{"embeddable":true,"href":"https:\/\/unimog-u52.de\/index.php?rest_route=%2Fwp%2Fv2%2Fcomments&post=471"}],"version-history":[{"count":8,"href":"https:\/\/unimog-u52.de\/index.php?rest_route=\/wp\/v2\/pages\/471\/revisions"}],"predecessor-version":[{"id":482,"href":"https:\/\/unimog-u52.de\/index.php?rest_route=\/wp\/v2\/pages\/471\/revisions\/482"}],"wp:attachment":[{"href":"https:\/\/unimog-u52.de\/index.php?rest_route=%2Fwp%2Fv2%2Fmedia&parent=471"}],"curies":[{"name":"wp","href":"https:\/\/api.w.org\/{rel}","templated":true}]}}